{"id":994,"date":"2024-09-06T15:25:14","date_gmt":"2024-09-06T15:25:14","guid":{"rendered":"https:\/\/paginaendesarrollo.com\/abogados\/?page_id=994"},"modified":"2024-10-08T16:18:48","modified_gmt":"2024-10-08T16:18:48","slug":"aviso-legal","status":"publish","type":"page","link":"https:\/\/paginaendesarrollo.com\/abogados\/aviso-legal\/","title":{"rendered":"Aviso Legal"},"content":{"rendered":"\t\t<div data-elementor-type=\"wp-page\" data-elementor-id=\"994\" class=\"elementor elementor-994\">\n\t\t\t\t\t\t<section class=\"elementor-section elementor-top-section elementor-element elementor-element-f40e0fd elementor-section-height-min-height elementor-section-boxed elementor-section-height-default elementor-section-items-middle wpr-particle-no wpr-jarallax-no wpr-parallax-no wpr-sticky-section-no\" data-id=\"f40e0fd\" data-element_type=\"section\" data-settings=\"{&quot;background_background&quot;:&quot;classic&quot;,&quot;shape_divider_bottom&quot;:&quot;tilt&quot;}\">\n\t\t\t\t\t\t\t<div class=\"elementor-background-overlay\"><\/div>\n\t\t\t\t\t\t<div class=\"elementor-shape elementor-shape-bottom\" data-negative=\"false\">\n\t\t\t<svg xmlns=\"http:\/\/www.w3.org\/2000\/svg\" viewBox=\"0 0 1000 100\" preserveAspectRatio=\"none\">\n\t<path class=\"elementor-shape-fill\" d=\"M0,6V0h1000v100L0,6z\"\/>\n<\/svg>\t\t<\/div>\n\t\t\t\t\t<div class=\"elementor-container elementor-column-gap-default\">\n\t\t\t\t\t<div class=\"elementor-column elementor-col-100 elementor-top-column elementor-element elementor-element-efd9b7a\" data-id=\"efd9b7a\" data-element_type=\"column\">\n\t\t\t<div class=\"elementor-widget-wrap elementor-element-populated\">\n\t\t\t\t\t\t<div class=\"elementor-element elementor-element-2207f87 elementor-widget elementor-widget-heading\" data-id=\"2207f87\" data-element_type=\"widget\" data-widget_type=\"heading.default\">\n\t\t\t\t<div class=\"elementor-widget-container\">\n\t\t\t<h2 class=\"elementor-heading-title elementor-size-default\">Aviso Legal<\/h2>\t\t<\/div>\n\t\t\t\t<\/div>\n\t\t\t\t\t<\/div>\n\t\t<\/div>\n\t\t\t\t\t<\/div>\n\t\t<\/section>\n\t\t\t\t<section class=\"elementor-section elementor-top-section elementor-element elementor-element-1b901a6 elementor-section-boxed elementor-section-height-default elementor-section-height-default wpr-particle-no wpr-jarallax-no wpr-parallax-no wpr-sticky-section-no\" data-id=\"1b901a6\" data-element_type=\"section\">\n\t\t\t\t\t\t<div class=\"elementor-container elementor-column-gap-default\">\n\t\t\t\t\t<div class=\"elementor-column elementor-col-100 elementor-top-column elementor-element elementor-element-018eec2\" data-id=\"018eec2\" data-element_type=\"column\">\n\t\t\t<div class=\"elementor-widget-wrap elementor-element-populated\">\n\t\t\t\t\t\t<div class=\"elementor-element elementor-element-350e3c5 elementor-widget elementor-widget-spacer\" data-id=\"350e3c5\" data-element_type=\"widget\" data-widget_type=\"spacer.default\">\n\t\t\t\t<div class=\"elementor-widget-container\">\n\t\t\t\t\t<div class=\"elementor-spacer\">\n\t\t\t<div class=\"elementor-spacer-inner\"><\/div>\n\t\t<\/div>\n\t\t\t\t<\/div>\n\t\t\t\t<\/div>\n\t\t\t\t<div class=\"elementor-element elementor-element-8794816 politicas elementor-widget elementor-widget-text-editor\" data-id=\"8794816\" data-element_type=\"widget\" data-widget_type=\"text-editor.default\">\n\t\t\t\t<div class=\"elementor-widget-container\">\n\t\t\t\t\t\t\t<h3>1. Informaci\u00f3n General<\/h3><p>En cumplimiento con la legislaci\u00f3n vigente, se pone a disposici\u00f3n de los usuarios la siguiente informaci\u00f3n:<\/p><p><strong>Titular del sitio web:<\/strong> Adalon Legal<br \/><strong>Domicilio:<\/strong> Calle Alcalde Sainz de Baranda 33, 28009 Madrid (Espa\u00f1a)<br \/><strong>Correo electr\u00f3nico:<\/strong> info@adalonlegal.com<br \/><strong>Tel\u00e9fono:<\/strong> (+34) 646 642 505<br \/><strong>N\u00famero de identificaci\u00f3n fiscal:<\/strong>\u00a0[NIF\/CIF]<br \/><strong>Registro mercantil:<\/strong>\u00a0[Datos del registro mercantil, si aplica]<\/p><p>\u00a0<\/p><h3>2. Condiciones de Uso<\/h3><p>El acceso y uso de este sitio web est\u00e1 sujeto a las siguientes condiciones de uso. Al utilizar este sitio web, aceptas cumplir con estas condiciones. Si no est\u00e1s de acuerdo con ellas, te recomendamos no utilizar nuestro sitio web.<\/p><p>\u00a0<\/p><h3>3. Propiedad Intelectual<\/h3><p>Todo el contenido de este sitio web, incluyendo textos, gr\u00e1ficos, im\u00e1genes, logotipos, iconos, software, y cualquier otro material, est\u00e1 protegido por derechos de autor y otros derechos de propiedad intelectual. Estos contenidos son propiedad exclusiva de Adalon Legal o de sus licenciantes. Queda prohibida su reproducci\u00f3n, distribuci\u00f3n, modificaci\u00f3n, o cualquier otro uso no autorizado expresamente por el titular de los derechos.<\/p><p>\u00a0<\/p><h3>4. Limitaci\u00f3n de Responsabilidad<\/h3><p><strong>a. Contenidos:<\/strong> Los contenidos de este sitio web son de car\u00e1cter general y tienen una finalidad meramente informativa. Adalon Legal no garantiza la exactitud, integridad o actualidad de los contenidos. En ning\u00fan caso seremos responsables de cualquier da\u00f1o directo o indirecto que pueda derivarse del acceso o uso de la informaci\u00f3n contenida en este sitio web.<\/p><p><strong>b. Enlaces Externos:<\/strong> Este sitio web puede contener enlaces a otros sitios web gestionados por terceros. Adalon Legal no se hace responsable del contenido ni de la disponibilidad de estos sitios externos, ni asume ninguna responsabilidad por cualquier da\u00f1o o p\u00e9rdida que pueda derivarse del uso de dichos sitios.<\/p><p><strong>c. Disponibilidad del Servicio:<\/strong> Adalon Legal no garantiza la disponibilidad y continuidad del funcionamiento del sitio web. En la medida en que sea posible, se advertir\u00e1 con antelaci\u00f3n de cualquier interrupci\u00f3n en el funcionamiento del sitio web.<\/p><p>\u00a0<\/p><h3>5. Obligaciones del Usuario<\/h3><p>El usuario se compromete a utilizar el sitio web de manera l\u00edcita y a no realizar ninguna acci\u00f3n que pueda da\u00f1ar la imagen, los intereses o los derechos de Adalon Legal o de terceros. El usuario deber\u00e1 abstenerse de realizar cualquier acci\u00f3n que sobrecargue, da\u00f1e o inutilice el sitio web, o que impida, de cualquier forma, su normal utilizaci\u00f3n.<\/p><p>\u00a0<\/p><h3>6. Protecci\u00f3n de Datos Personales<\/h3><p>Cualquier dato personal proporcionado a trav\u00e9s de este sitio web ser\u00e1 tratado conforme a nuestra <a href=\"https:\/\/paginaendesarrollo.com\/abogados\/politica-de-privacidad\/\">Pol\u00edtica de Privacidad<\/a>. Te recomendamos leerla detenidamente para entender c\u00f3mo recopilamos, utilizamos y protegemos tu informaci\u00f3n personal.<\/p><p>\u00a0<\/p><h3>7. Modificaciones del Aviso Legal<\/h3><p>Adalon Legal se reserva el derecho de modificar este Aviso Legal en cualquier momento. Cualquier modificaci\u00f3n ser\u00e1 publicada en esta p\u00e1gina y entrar\u00e1 en vigor desde el momento de su publicaci\u00f3n. Te recomendamos revisar peri\u00f3dicamente este Aviso Legal para estar informado sobre las condiciones que rigen el uso de este sitio web.<\/p><p>\u00a0<\/p><h3>8. Legislaci\u00f3n Aplicable y Jurisdicci\u00f3n<\/h3><p>Este Aviso Legal se rige por la legislaci\u00f3n vigente en Espa\u00f1a. Para cualquier controversia que pudiera derivarse del acceso o uso de este sitio web, el usuario y Adalon Legal acuerdan someterse expresamente a los juzgados y tribunales de Madrid, renunciando a cualquier otro fuero que pudiera corresponderles.<\/p><p>\u00a0<\/p><h3>9. Contacto<\/h3><p>Si tienes alguna pregunta o inquietud sobre este Aviso Legal, por favor cont\u00e1ctanos a:<\/p><p>Adalon Legal.<br \/>Calle Alcalde Sainz de Baranda 33, 28009 Madrid (Espa\u00f1a).<br \/>info@adalonlegal.com<br \/>(+34) 646 642 505<\/p>\t\t\t\t\t\t<\/div>\n\t\t\t\t<\/div>\n\t\t\t\t\t<\/div>\n\t\t<\/div>\n\t\t\t\t\t<\/div>\n\t\t<\/section>\n\t\t\t\t<section class=\"elementor-section elementor-top-section elementor-element elementor-element-94a2b65 elementor-section-boxed elementor-section-height-default elementor-section-height-default wpr-particle-no wpr-jarallax-no wpr-parallax-no wpr-sticky-section-no\" data-id=\"94a2b65\" data-element_type=\"section\">\n\t\t\t\t\t\t<div class=\"elementor-container elementor-column-gap-default\">\n\t\t\t\t\t<div class=\"elementor-column elementor-col-100 elementor-top-column elementor-element elementor-element-30e8153\" data-id=\"30e8153\" data-element_type=\"column\">\n\t\t\t<div class=\"elementor-widget-wrap elementor-element-populated\">\n\t\t\t\t\t\t<div class=\"elementor-element elementor-element-5655bfe elementor-widget elementor-widget-spacer\" data-id=\"5655bfe\" data-element_type=\"widget\" data-widget_type=\"spacer.default\">\n\t\t\t\t<div class=\"elementor-widget-container\">\n\t\t\t\t\t<div class=\"elementor-spacer\">\n\t\t\t<div class=\"elementor-spacer-inner\"><\/div>\n\t\t<\/div>\n\t\t\t\t<\/div>\n\t\t\t\t<\/div>\n\t\t\t\t\t<\/div>\n\t\t<\/div>\n\t\t\t\t\t<\/div>\n\t\t<\/section>\n\t\t\t\t<\/div>\n\t\t","protected":false},"excerpt":{"rendered":"<p>Aviso Legal 1. Informaci\u00f3n General En cumplimiento con la legislaci\u00f3n vigente, se pone a disposici\u00f3n de los usuarios la siguiente informaci\u00f3n: Titular del sitio web: Adalon LegalDomicilio: Calle Alcalde Sainz de Baranda 33, 28009 Madrid (Espa\u00f1a)Correo electr\u00f3nico: info@adalonlegal.comTel\u00e9fono: (+34) 646 642 505N\u00famero de identificaci\u00f3n fiscal:\u00a0[NIF\/CIF]Registro mercantil:\u00a0[Datos del registro mercantil, si aplica] \u00a0 2. Condiciones de Uso El acceso y uso de este sitio web est\u00e1 sujeto a las siguientes condiciones de uso. Al utilizar este sitio web, aceptas cumplir con estas condiciones. Si no est\u00e1s de acuerdo con ellas, te recomendamos no utilizar nuestro sitio web. \u00a0 3. Propiedad Intelectual Todo el contenido de este sitio web, incluyendo textos, gr\u00e1ficos, im\u00e1genes, logotipos, iconos, software, y cualquier otro material, est\u00e1 protegido por derechos de autor y otros derechos de propiedad intelectual. Estos contenidos son propiedad exclusiva de Adalon Legal o de sus licenciantes. Queda prohibida su reproducci\u00f3n, distribuci\u00f3n, modificaci\u00f3n, o cualquier otro uso no autorizado expresamente por el titular de los derechos. \u00a0 4. Limitaci\u00f3n de Responsabilidad a. Contenidos: Los contenidos de este sitio web son de car\u00e1cter general y tienen una finalidad meramente informativa. Adalon Legal no garantiza la exactitud, integridad o actualidad de los contenidos. En ning\u00fan caso seremos responsables de cualquier da\u00f1o directo o indirecto que pueda derivarse del acceso o uso de la informaci\u00f3n contenida en este sitio web. b. Enlaces Externos: Este sitio web puede contener enlaces a otros sitios web gestionados por terceros. Adalon Legal no se hace responsable del contenido ni de la disponibilidad de estos sitios externos, ni asume ninguna responsabilidad por cualquier da\u00f1o o p\u00e9rdida que pueda derivarse del uso de dichos sitios. c. Disponibilidad del Servicio: Adalon Legal no garantiza la disponibilidad y continuidad del funcionamiento del sitio web. En la medida en que sea posible, se advertir\u00e1 con antelaci\u00f3n de cualquier interrupci\u00f3n en el funcionamiento del sitio web. \u00a0 5. Obligaciones del Usuario El usuario se compromete a utilizar el sitio web de manera l\u00edcita y a no realizar ninguna acci\u00f3n que pueda da\u00f1ar la imagen, los intereses o los derechos de Adalon Legal o de terceros. El usuario deber\u00e1 abstenerse de realizar cualquier acci\u00f3n que sobrecargue, da\u00f1e o inutilice el sitio web, o que impida, de cualquier forma, su normal utilizaci\u00f3n. \u00a0 6. Protecci\u00f3n de Datos Personales Cualquier dato personal proporcionado a trav\u00e9s de este sitio web ser\u00e1 tratado conforme a nuestra Pol\u00edtica de Privacidad. Te recomendamos leerla detenidamente para entender c\u00f3mo recopilamos, utilizamos y protegemos tu informaci\u00f3n personal. \u00a0 7. Modificaciones del Aviso Legal Adalon Legal se reserva el derecho de modificar este Aviso Legal en cualquier momento. Cualquier modificaci\u00f3n ser\u00e1 publicada en esta p\u00e1gina y entrar\u00e1 en vigor desde el momento de su publicaci\u00f3n. Te recomendamos revisar peri\u00f3dicamente este Aviso Legal para estar informado sobre las condiciones que rigen el uso de este sitio web. \u00a0 8. Legislaci\u00f3n Aplicable y Jurisdicci\u00f3n Este Aviso Legal se rige por la legislaci\u00f3n vigente en Espa\u00f1a. Para cualquier controversia que pudiera derivarse del acceso o uso de este sitio web, el usuario y Adalon Legal acuerdan someterse expresamente a los juzgados y tribunales de Madrid, renunciando a cualquier otro fuero que pudiera corresponderles. \u00a0 9. Contacto Si tienes alguna pregunta o inquietud sobre este Aviso Legal, por favor cont\u00e1ctanos a: Adalon Legal.Calle Alcalde Sainz de Baranda 33, 28009 Madrid (Espa\u00f1a).info@adalonlegal.com(+34) 646 642 505<\/p>\n","protected":false},"author":1,"featured_media":0,"parent":0,"menu_order":0,"comment_status":"closed","ping_status":"closed","template":"","meta":{"footnotes":""},"class_list":["post-994","page","type-page","status-publish","hentry"],"yoast_head":"<!-- This site is optimized with the Yoast SEO plugin v23.4 - https:\/\/yoast.com\/wordpress\/plugins\/seo\/ -->\n<title>Aviso Legal - Adalon Legal<\/title>\n<meta name=\"robots\" content=\"index, follow, max-snippet:-1, max-image-preview:large, max-video-preview:-1\" \/>\n<link rel=\"canonical\" href=\"https:\/\/paginaendesarrollo.com\/abogados\/aviso-legal\/\" \/>\n<meta property=\"og:locale\" content=\"es_ES\" \/>\n<meta property=\"og:type\" content=\"article\" \/>\n<meta property=\"og:title\" content=\"Aviso Legal - Adalon Legal\" \/>\n<meta property=\"og:description\" content=\"Aviso Legal 1. Informaci\u00f3n General En cumplimiento con la legislaci\u00f3n vigente, se pone a disposici\u00f3n de los usuarios la siguiente informaci\u00f3n: Titular del sitio web: Adalon LegalDomicilio: Calle Alcalde Sainz de Baranda 33, 28009 Madrid (Espa\u00f1a)Correo electr\u00f3nico: info@adalonlegal.comTel\u00e9fono: (+34) 646 642 505N\u00famero de identificaci\u00f3n fiscal:\u00a0[NIF\/CIF]Registro mercantil:\u00a0[Datos del registro mercantil, si aplica] \u00a0 2. Condiciones de Uso El acceso y uso de este sitio web est\u00e1 sujeto a las siguientes condiciones de uso. Al utilizar este sitio web, aceptas cumplir con estas condiciones. Si no est\u00e1s de acuerdo con ellas, te recomendamos no utilizar nuestro sitio web. \u00a0 3. Propiedad Intelectual Todo el contenido de este sitio web, incluyendo textos, gr\u00e1ficos, im\u00e1genes, logotipos, iconos, software, y cualquier otro material, est\u00e1 protegido por derechos de autor y otros derechos de propiedad intelectual. Estos contenidos son propiedad exclusiva de Adalon Legal o de sus licenciantes. Queda prohibida su reproducci\u00f3n, distribuci\u00f3n, modificaci\u00f3n, o cualquier otro uso no autorizado expresamente por el titular de los derechos. \u00a0 4. Limitaci\u00f3n de Responsabilidad a. Contenidos: Los contenidos de este sitio web son de car\u00e1cter general y tienen una finalidad meramente informativa. Adalon Legal no garantiza la exactitud, integridad o actualidad de los contenidos. En ning\u00fan caso seremos responsables de cualquier da\u00f1o directo o indirecto que pueda derivarse del acceso o uso de la informaci\u00f3n contenida en este sitio web. b. Enlaces Externos: Este sitio web puede contener enlaces a otros sitios web gestionados por terceros. Adalon Legal no se hace responsable del contenido ni de la disponibilidad de estos sitios externos, ni asume ninguna responsabilidad por cualquier da\u00f1o o p\u00e9rdida que pueda derivarse del uso de dichos sitios. c. Disponibilidad del Servicio: Adalon Legal no garantiza la disponibilidad y continuidad del funcionamiento del sitio web. En la medida en que sea posible, se advertir\u00e1 con antelaci\u00f3n de cualquier interrupci\u00f3n en el funcionamiento del sitio web. \u00a0 5. Obligaciones del Usuario El usuario se compromete a utilizar el sitio web de manera l\u00edcita y a no realizar ninguna acci\u00f3n que pueda da\u00f1ar la imagen, los intereses o los derechos de Adalon Legal o de terceros. El usuario deber\u00e1 abstenerse de realizar cualquier acci\u00f3n que sobrecargue, da\u00f1e o inutilice el sitio web, o que impida, de cualquier forma, su normal utilizaci\u00f3n. \u00a0 6. Protecci\u00f3n de Datos Personales Cualquier dato personal proporcionado a trav\u00e9s de este sitio web ser\u00e1 tratado conforme a nuestra Pol\u00edtica de Privacidad. Te recomendamos leerla detenidamente para entender c\u00f3mo recopilamos, utilizamos y protegemos tu informaci\u00f3n personal. \u00a0 7. Modificaciones del Aviso Legal Adalon Legal se reserva el derecho de modificar este Aviso Legal en cualquier momento. Cualquier modificaci\u00f3n ser\u00e1 publicada en esta p\u00e1gina y entrar\u00e1 en vigor desde el momento de su publicaci\u00f3n. Te recomendamos revisar peri\u00f3dicamente este Aviso Legal para estar informado sobre las condiciones que rigen el uso de este sitio web. \u00a0 8. Legislaci\u00f3n Aplicable y Jurisdicci\u00f3n Este Aviso Legal se rige por la legislaci\u00f3n vigente en Espa\u00f1a. Para cualquier controversia que pudiera derivarse del acceso o uso de este sitio web, el usuario y Adalon Legal acuerdan someterse expresamente a los juzgados y tribunales de Madrid, renunciando a cualquier otro fuero que pudiera corresponderles. \u00a0 9. Contacto Si tienes alguna pregunta o inquietud sobre este Aviso Legal, por favor cont\u00e1ctanos a: Adalon Legal.Calle Alcalde Sainz de Baranda 33, 28009 Madrid (Espa\u00f1a).info@adalonlegal.com(+34) 646 642 505\" \/>\n<meta property=\"og:url\" content=\"https:\/\/paginaendesarrollo.com\/abogados\/aviso-legal\/\" \/>\n<meta property=\"og:site_name\" content=\"Adalon Legal\" \/>\n<meta property=\"article:modified_time\" content=\"2024-10-08T16:18:48+00:00\" \/>\n<meta name=\"twitter:card\" content=\"summary_large_image\" \/>\n<meta name=\"twitter:label1\" content=\"Tiempo de lectura\" \/>\n\t<meta name=\"twitter:data1\" content=\"3 minutos\" \/>\n<script type=\"application\/ld+json\" class=\"yoast-schema-graph\">{\"@context\":\"https:\/\/schema.org\",\"@graph\":[{\"@type\":\"WebPage\",\"@id\":\"https:\/\/paginaendesarrollo.com\/abogados\/aviso-legal\/\",\"url\":\"https:\/\/paginaendesarrollo.com\/abogados\/aviso-legal\/\",\"name\":\"Aviso Legal - Adalon Legal\",\"isPartOf\":{\"@id\":\"https:\/\/paginaendesarrollo.com\/abogados\/#website\"},\"datePublished\":\"2024-09-06T15:25:14+00:00\",\"dateModified\":\"2024-10-08T16:18:48+00:00\",\"breadcrumb\":{\"@id\":\"https:\/\/paginaendesarrollo.com\/abogados\/aviso-legal\/#breadcrumb\"},\"inLanguage\":\"es\",\"potentialAction\":[{\"@type\":\"ReadAction\",\"target\":[\"https:\/\/paginaendesarrollo.com\/abogados\/aviso-legal\/\"]}]},{\"@type\":\"BreadcrumbList\",\"@id\":\"https:\/\/paginaendesarrollo.com\/abogados\/aviso-legal\/#breadcrumb\",\"itemListElement\":[{\"@type\":\"ListItem\",\"position\":1,\"name\":\"Portada\",\"item\":\"https:\/\/paginaendesarrollo.com\/abogados\/\"},{\"@type\":\"ListItem\",\"position\":2,\"name\":\"Aviso Legal\"}]},{\"@type\":\"WebSite\",\"@id\":\"https:\/\/paginaendesarrollo.com\/abogados\/#website\",\"url\":\"https:\/\/paginaendesarrollo.com\/abogados\/\",\"name\":\"Adalon Legal\",\"description\":\"\",\"potentialAction\":[{\"@type\":\"SearchAction\",\"target\":{\"@type\":\"EntryPoint\",\"urlTemplate\":\"https:\/\/paginaendesarrollo.com\/abogados\/?s={search_term_string}\"},\"query-input\":{\"@type\":\"PropertyValueSpecification\",\"valueRequired\":true,\"valueName\":\"search_term_string\"}}],\"inLanguage\":\"es\"}]}<\/script>\n<!-- \/ Yoast SEO plugin. -->","yoast_head_json":{"title":"Aviso Legal - Adalon Legal","robots":{"index":"index","follow":"follow","max-snippet":"max-snippet:-1","max-image-preview":"max-image-preview:large","max-video-preview":"max-video-preview:-1"},"canonical":"https:\/\/paginaendesarrollo.com\/abogados\/aviso-legal\/","og_locale":"es_ES","og_type":"article","og_title":"Aviso Legal - Adalon Legal","og_description":"Aviso Legal 1. Informaci\u00f3n General En cumplimiento con la legislaci\u00f3n vigente, se pone a disposici\u00f3n de los usuarios la siguiente informaci\u00f3n: Titular del sitio web: Adalon LegalDomicilio: Calle Alcalde Sainz de Baranda 33, 28009 Madrid (Espa\u00f1a)Correo electr\u00f3nico: info@adalonlegal.comTel\u00e9fono: (+34) 646 642 505N\u00famero de identificaci\u00f3n fiscal:\u00a0[NIF\/CIF]Registro mercantil:\u00a0[Datos del registro mercantil, si aplica] \u00a0 2. Condiciones de Uso El acceso y uso de este sitio web est\u00e1 sujeto a las siguientes condiciones de uso. Al utilizar este sitio web, aceptas cumplir con estas condiciones. Si no est\u00e1s de acuerdo con ellas, te recomendamos no utilizar nuestro sitio web. \u00a0 3. Propiedad Intelectual Todo el contenido de este sitio web, incluyendo textos, gr\u00e1ficos, im\u00e1genes, logotipos, iconos, software, y cualquier otro material, est\u00e1 protegido por derechos de autor y otros derechos de propiedad intelectual. Estos contenidos son propiedad exclusiva de Adalon Legal o de sus licenciantes. Queda prohibida su reproducci\u00f3n, distribuci\u00f3n, modificaci\u00f3n, o cualquier otro uso no autorizado expresamente por el titular de los derechos. \u00a0 4. Limitaci\u00f3n de Responsabilidad a. Contenidos: Los contenidos de este sitio web son de car\u00e1cter general y tienen una finalidad meramente informativa. Adalon Legal no garantiza la exactitud, integridad o actualidad de los contenidos. En ning\u00fan caso seremos responsables de cualquier da\u00f1o directo o indirecto que pueda derivarse del acceso o uso de la informaci\u00f3n contenida en este sitio web. b. Enlaces Externos: Este sitio web puede contener enlaces a otros sitios web gestionados por terceros. Adalon Legal no se hace responsable del contenido ni de la disponibilidad de estos sitios externos, ni asume ninguna responsabilidad por cualquier da\u00f1o o p\u00e9rdida que pueda derivarse del uso de dichos sitios. c. Disponibilidad del Servicio: Adalon Legal no garantiza la disponibilidad y continuidad del funcionamiento del sitio web. En la medida en que sea posible, se advertir\u00e1 con antelaci\u00f3n de cualquier interrupci\u00f3n en el funcionamiento del sitio web. \u00a0 5. Obligaciones del Usuario El usuario se compromete a utilizar el sitio web de manera l\u00edcita y a no realizar ninguna acci\u00f3n que pueda da\u00f1ar la imagen, los intereses o los derechos de Adalon Legal o de terceros. El usuario deber\u00e1 abstenerse de realizar cualquier acci\u00f3n que sobrecargue, da\u00f1e o inutilice el sitio web, o que impida, de cualquier forma, su normal utilizaci\u00f3n. \u00a0 6. Protecci\u00f3n de Datos Personales Cualquier dato personal proporcionado a trav\u00e9s de este sitio web ser\u00e1 tratado conforme a nuestra Pol\u00edtica de Privacidad. Te recomendamos leerla detenidamente para entender c\u00f3mo recopilamos, utilizamos y protegemos tu informaci\u00f3n personal. \u00a0 7. Modificaciones del Aviso Legal Adalon Legal se reserva el derecho de modificar este Aviso Legal en cualquier momento. Cualquier modificaci\u00f3n ser\u00e1 publicada en esta p\u00e1gina y entrar\u00e1 en vigor desde el momento de su publicaci\u00f3n. Te recomendamos revisar peri\u00f3dicamente este Aviso Legal para estar informado sobre las condiciones que rigen el uso de este sitio web. \u00a0 8. Legislaci\u00f3n Aplicable y Jurisdicci\u00f3n Este Aviso Legal se rige por la legislaci\u00f3n vigente en Espa\u00f1a. Para cualquier controversia que pudiera derivarse del acceso o uso de este sitio web, el usuario y Adalon Legal acuerdan someterse expresamente a los juzgados y tribunales de Madrid, renunciando a cualquier otro fuero que pudiera corresponderles. \u00a0 9. Contacto Si tienes alguna pregunta o inquietud sobre este Aviso Legal, por favor cont\u00e1ctanos a: Adalon Legal.Calle Alcalde Sainz de Baranda 33, 28009 Madrid (Espa\u00f1a).info@adalonlegal.com(+34) 646 642 505","og_url":"https:\/\/paginaendesarrollo.com\/abogados\/aviso-legal\/","og_site_name":"Adalon Legal","article_modified_time":"2024-10-08T16:18:48+00:00","twitter_card":"summary_large_image","twitter_misc":{"Tiempo de lectura":"3 minutos"},"schema":{"@context":"https:\/\/schema.org","@graph":[{"@type":"WebPage","@id":"https:\/\/paginaendesarrollo.com\/abogados\/aviso-legal\/","url":"https:\/\/paginaendesarrollo.com\/abogados\/aviso-legal\/","name":"Aviso Legal - Adalon Legal","isPartOf":{"@id":"https:\/\/paginaendesarrollo.com\/abogados\/#website"},"datePublished":"2024-09-06T15:25:14+00:00","dateModified":"2024-10-08T16:18:48+00:00","breadcrumb":{"@id":"https:\/\/paginaendesarrollo.com\/abogados\/aviso-legal\/#breadcrumb"},"inLanguage":"es","potentialAction":[{"@type":"ReadAction","target":["https:\/\/paginaendesarrollo.com\/abogados\/aviso-legal\/"]}]},{"@type":"BreadcrumbList","@id":"https:\/\/paginaendesarrollo.com\/abogados\/aviso-legal\/#breadcrumb","itemListElement":[{"@type":"ListItem","position":1,"name":"Portada","item":"https:\/\/paginaendesarrollo.com\/abogados\/"},{"@type":"ListItem","position":2,"name":"Aviso Legal"}]},{"@type":"WebSite","@id":"https:\/\/paginaendesarrollo.com\/abogados\/#website","url":"https:\/\/paginaendesarrollo.com\/abogados\/","name":"Adalon Legal","description":"","potentialAction":[{"@type":"SearchAction","target":{"@type":"EntryPoint","urlTemplate":"https:\/\/paginaendesarrollo.com\/abogados\/?s={search_term_string}"},"query-input":{"@type":"PropertyValueSpecification","valueRequired":true,"valueName":"search_term_string"}}],"inLanguage":"es"}]}},"_links":{"self":[{"href":"https:\/\/paginaendesarrollo.com\/abogados\/wp-json\/wp\/v2\/pages\/994"}],"collection":[{"href":"https:\/\/paginaendesarrollo.com\/abogados\/wp-json\/wp\/v2\/pages"}],"about":[{"href":"https:\/\/paginaendesarrollo.com\/abogados\/wp-json\/wp\/v2\/types\/page"}],"author":[{"embeddable":true,"href":"https:\/\/paginaendesarrollo.com\/abogados\/wp-json\/wp\/v2\/users\/1"}],"replies":[{"embeddable":true,"href":"https:\/\/paginaendesarrollo.com\/abogados\/wp-json\/wp\/v2\/comments?post=994"}],"version-history":[{"count":28,"href":"https:\/\/paginaendesarrollo.com\/abogados\/wp-json\/wp\/v2\/pages\/994\/revisions"}],"predecessor-version":[{"id":1893,"href":"https:\/\/paginaendesarrollo.com\/abogados\/wp-json\/wp\/v2\/pages\/994\/revisions\/1893"}],"wp:attachment":[{"href":"https:\/\/paginaendesarrollo.com\/abogados\/wp-json\/wp\/v2\/media?parent=994"}],"curies":[{"name":"wp","href":"https:\/\/api.w.org\/{rel}","templated":true}]}}