{"id":1013,"date":"2024-09-06T15:32:47","date_gmt":"2024-09-06T15:32:47","guid":{"rendered":"https:\/\/paginaendesarrollo.com\/abogados\/?page_id=1013"},"modified":"2024-10-08T16:19:51","modified_gmt":"2024-10-08T16:19:51","slug":"accesibilidad","status":"publish","type":"page","link":"https:\/\/paginaendesarrollo.com\/abogados\/accesibilidad\/","title":{"rendered":"Accesibilidad"},"content":{"rendered":"\t\t<div data-elementor-type=\"wp-page\" data-elementor-id=\"1013\" class=\"elementor elementor-1013\">\n\t\t\t\t\t\t<section class=\"elementor-section elementor-top-section elementor-element elementor-element-14cfe12 elementor-section-height-min-height elementor-section-boxed elementor-section-height-default elementor-section-items-middle wpr-particle-no wpr-jarallax-no wpr-parallax-no wpr-sticky-section-no\" data-id=\"14cfe12\" data-element_type=\"section\" data-settings=\"{&quot;background_background&quot;:&quot;classic&quot;,&quot;shape_divider_bottom&quot;:&quot;tilt&quot;}\">\n\t\t\t\t\t\t\t<div class=\"elementor-background-overlay\"><\/div>\n\t\t\t\t\t\t<div class=\"elementor-shape elementor-shape-bottom\" data-negative=\"false\">\n\t\t\t<svg xmlns=\"http:\/\/www.w3.org\/2000\/svg\" viewBox=\"0 0 1000 100\" preserveAspectRatio=\"none\">\n\t<path class=\"elementor-shape-fill\" d=\"M0,6V0h1000v100L0,6z\"\/>\n<\/svg>\t\t<\/div>\n\t\t\t\t\t<div class=\"elementor-container elementor-column-gap-default\">\n\t\t\t\t\t<div class=\"elementor-column elementor-col-100 elementor-top-column elementor-element elementor-element-d8b6268\" data-id=\"d8b6268\" data-element_type=\"column\">\n\t\t\t<div class=\"elementor-widget-wrap elementor-element-populated\">\n\t\t\t\t\t\t<div class=\"elementor-element elementor-element-c8af8a0 elementor-widget elementor-widget-heading\" data-id=\"c8af8a0\" data-element_type=\"widget\" data-widget_type=\"heading.default\">\n\t\t\t\t<div class=\"elementor-widget-container\">\n\t\t\t<h2 class=\"elementor-heading-title elementor-size-default\">Accesibilidad<\/h2>\t\t<\/div>\n\t\t\t\t<\/div>\n\t\t\t\t\t<\/div>\n\t\t<\/div>\n\t\t\t\t\t<\/div>\n\t\t<\/section>\n\t\t\t\t<section class=\"elementor-section elementor-top-section elementor-element elementor-element-b58d6d2 elementor-section-boxed elementor-section-height-default elementor-section-height-default wpr-particle-no wpr-jarallax-no wpr-parallax-no wpr-sticky-section-no\" data-id=\"b58d6d2\" data-element_type=\"section\">\n\t\t\t\t\t\t<div class=\"elementor-container elementor-column-gap-default\">\n\t\t\t\t\t<div class=\"elementor-column elementor-col-100 elementor-top-column elementor-element elementor-element-d739db1\" data-id=\"d739db1\" data-element_type=\"column\">\n\t\t\t<div class=\"elementor-widget-wrap elementor-element-populated\">\n\t\t\t\t\t\t<div class=\"elementor-element elementor-element-a0bf478 elementor-widget elementor-widget-spacer\" data-id=\"a0bf478\" data-element_type=\"widget\" data-widget_type=\"spacer.default\">\n\t\t\t\t<div class=\"elementor-widget-container\">\n\t\t\t\t\t<div class=\"elementor-spacer\">\n\t\t\t<div class=\"elementor-spacer-inner\"><\/div>\n\t\t<\/div>\n\t\t\t\t<\/div>\n\t\t\t\t<\/div>\n\t\t\t\t<div class=\"elementor-element elementor-element-0aa8aaf politicas elementor-widget elementor-widget-text-editor\" data-id=\"0aa8aaf\" data-element_type=\"widget\" data-widget_type=\"text-editor.default\">\n\t\t\t\t<div class=\"elementor-widget-container\">\n\t\t\t\t\t\t\t<p>Esta es una declaraci\u00f3n de accesibilidad de Adalon Legal. Estado de conformidad<strong>\u00a0<a href=\"https:\/\/www.w3.org\/WAI\/standards-guidelines\/wcag\/\">Las Pautas de Accesibilidad para el Contenido Web (WCAG)<\/a><\/strong> definen los requisitos para que los dise\u00f1adores y desarrolladores mejoren la accesibilidad para las personas con discapacidades. Define tres niveles de conformidad: Nivel A, Nivel AA y Nivel AAA. Adalon Legal cumple parcialmente con WCAG 2.1 nivel AA. Parcialmente conforme significa que algunas partes del contenido no se ajustan completamente al est\u00e1ndar de accesibilidad. Comentario Agradecemos sus comentarios sobre la accesibilidad de Adalon Legal.\u00a0 H\u00e1ganos saber si encuentra barreras de accesibilidad en [Tu Empresa].<\/p><pre class=\"wp-block-code\"><code> Correo electr\u00f3nico: info@adalonlegal.com<\/code><\/pre><p>Tratamos de responder a los comentarios dentro de 2 d\u00edas. Esta declaraci\u00f3n se cre\u00f3 el 13 de septiembre de 2024 utilizando la Herramienta generadora de declaraciones de accesibilidad del W3C.<\/p>\t\t\t\t\t\t<\/div>\n\t\t\t\t<\/div>\n\t\t\t\t\t<\/div>\n\t\t<\/div>\n\t\t\t\t\t<\/div>\n\t\t<\/section>\n\t\t\t\t<section class=\"elementor-section elementor-top-section elementor-element elementor-element-5d72384 elementor-section-boxed elementor-section-height-default elementor-section-height-default wpr-particle-no wpr-jarallax-no wpr-parallax-no wpr-sticky-section-no\" data-id=\"5d72384\" data-element_type=\"section\">\n\t\t\t\t\t\t<div class=\"elementor-container elementor-column-gap-default\">\n\t\t\t\t\t<div class=\"elementor-column elementor-col-100 elementor-top-column elementor-element elementor-element-6bc2628\" data-id=\"6bc2628\" data-element_type=\"column\">\n\t\t\t<div class=\"elementor-widget-wrap elementor-element-populated\">\n\t\t\t\t\t\t<div class=\"elementor-element elementor-element-17e84e4 elementor-widget elementor-widget-spacer\" data-id=\"17e84e4\" data-element_type=\"widget\" data-widget_type=\"spacer.default\">\n\t\t\t\t<div class=\"elementor-widget-container\">\n\t\t\t\t\t<div class=\"elementor-spacer\">\n\t\t\t<div class=\"elementor-spacer-inner\"><\/div>\n\t\t<\/div>\n\t\t\t\t<\/div>\n\t\t\t\t<\/div>\n\t\t\t\t\t<\/div>\n\t\t<\/div>\n\t\t\t\t\t<\/div>\n\t\t<\/section>\n\t\t\t\t<\/div>\n\t\t","protected":false},"excerpt":{"rendered":"<p>Accesibilidad Esta es una declaraci\u00f3n de accesibilidad de Adalon Legal. Estado de conformidad\u00a0Las Pautas de Accesibilidad para el Contenido Web (WCAG) definen los requisitos para que los dise\u00f1adores y desarrolladores mejoren la accesibilidad para las personas con discapacidades. Define tres niveles de conformidad: Nivel A, Nivel AA y Nivel AAA. Adalon Legal cumple parcialmente con WCAG 2.1 nivel AA. Parcialmente conforme significa que algunas partes del contenido no se ajustan completamente al est\u00e1ndar de accesibilidad. Comentario Agradecemos sus comentarios sobre la accesibilidad de Adalon Legal.\u00a0 H\u00e1ganos saber si encuentra barreras de accesibilidad en [Tu Empresa]. Correo electr\u00f3nico: info@adalonlegal.com Tratamos de responder a los comentarios dentro de 2 d\u00edas. Esta declaraci\u00f3n se cre\u00f3 el 13 de septiembre de 2024 utilizando la Herramienta generadora de declaraciones de accesibilidad del W3C.<\/p>\n","protected":false},"author":1,"featured_media":0,"parent":0,"menu_order":0,"comment_status":"closed","ping_status":"closed","template":"","meta":{"footnotes":""},"class_list":["post-1013","page","type-page","status-publish","hentry"],"yoast_head":"<!-- This site is optimized with the Yoast SEO plugin v23.4 - https:\/\/yoast.com\/wordpress\/plugins\/seo\/ -->\n<title>Accesibilidad - Adalon Legal<\/title>\n<meta name=\"robots\" content=\"index, follow, max-snippet:-1, max-image-preview:large, max-video-preview:-1\" \/>\n<link rel=\"canonical\" href=\"https:\/\/paginaendesarrollo.com\/abogados\/accesibilidad\/\" \/>\n<meta property=\"og:locale\" content=\"es_ES\" \/>\n<meta property=\"og:type\" content=\"article\" \/>\n<meta property=\"og:title\" content=\"Accesibilidad - Adalon Legal\" \/>\n<meta property=\"og:description\" content=\"Accesibilidad Esta es una declaraci\u00f3n de accesibilidad de Adalon Legal. Estado de conformidad\u00a0Las Pautas de Accesibilidad para el Contenido Web (WCAG) definen los requisitos para que los dise\u00f1adores y desarrolladores mejoren la accesibilidad para las personas con discapacidades. Define tres niveles de conformidad: Nivel A, Nivel AA y Nivel AAA. Adalon Legal cumple parcialmente con WCAG 2.1 nivel AA. Parcialmente conforme significa que algunas partes del contenido no se ajustan completamente al est\u00e1ndar de accesibilidad. Comentario Agradecemos sus comentarios sobre la accesibilidad de Adalon Legal.\u00a0 H\u00e1ganos saber si encuentra barreras de accesibilidad en [Tu Empresa]. Correo electr\u00f3nico: info@adalonlegal.com Tratamos de responder a los comentarios dentro de 2 d\u00edas. Esta declaraci\u00f3n se cre\u00f3 el 13 de septiembre de 2024 utilizando la Herramienta generadora de declaraciones de accesibilidad del W3C.\" \/>\n<meta property=\"og:url\" content=\"https:\/\/paginaendesarrollo.com\/abogados\/accesibilidad\/\" \/>\n<meta property=\"og:site_name\" content=\"Adalon Legal\" \/>\n<meta property=\"article:modified_time\" content=\"2024-10-08T16:19:51+00:00\" \/>\n<meta name=\"twitter:card\" content=\"summary_large_image\" \/>\n<meta name=\"twitter:label1\" content=\"Tiempo de lectura\" \/>\n\t<meta name=\"twitter:data1\" content=\"1 minuto\" \/>\n<script type=\"application\/ld+json\" class=\"yoast-schema-graph\">{\"@context\":\"https:\/\/schema.org\",\"@graph\":[{\"@type\":\"WebPage\",\"@id\":\"https:\/\/paginaendesarrollo.com\/abogados\/accesibilidad\/\",\"url\":\"https:\/\/paginaendesarrollo.com\/abogados\/accesibilidad\/\",\"name\":\"Accesibilidad - Adalon Legal\",\"isPartOf\":{\"@id\":\"https:\/\/paginaendesarrollo.com\/abogados\/#website\"},\"datePublished\":\"2024-09-06T15:32:47+00:00\",\"dateModified\":\"2024-10-08T16:19:51+00:00\",\"breadcrumb\":{\"@id\":\"https:\/\/paginaendesarrollo.com\/abogados\/accesibilidad\/#breadcrumb\"},\"inLanguage\":\"es\",\"potentialAction\":[{\"@type\":\"ReadAction\",\"target\":[\"https:\/\/paginaendesarrollo.com\/abogados\/accesibilidad\/\"]}]},{\"@type\":\"BreadcrumbList\",\"@id\":\"https:\/\/paginaendesarrollo.com\/abogados\/accesibilidad\/#breadcrumb\",\"itemListElement\":[{\"@type\":\"ListItem\",\"position\":1,\"name\":\"Portada\",\"item\":\"https:\/\/paginaendesarrollo.com\/abogados\/\"},{\"@type\":\"ListItem\",\"position\":2,\"name\":\"Accesibilidad\"}]},{\"@type\":\"WebSite\",\"@id\":\"https:\/\/paginaendesarrollo.com\/abogados\/#website\",\"url\":\"https:\/\/paginaendesarrollo.com\/abogados\/\",\"name\":\"Adalon Legal\",\"description\":\"\",\"potentialAction\":[{\"@type\":\"SearchAction\",\"target\":{\"@type\":\"EntryPoint\",\"urlTemplate\":\"https:\/\/paginaendesarrollo.com\/abogados\/?s={search_term_string}\"},\"query-input\":{\"@type\":\"PropertyValueSpecification\",\"valueRequired\":true,\"valueName\":\"search_term_string\"}}],\"inLanguage\":\"es\"}]}<\/script>\n<!-- \/ Yoast SEO plugin. -->","yoast_head_json":{"title":"Accesibilidad - Adalon Legal","robots":{"index":"index","follow":"follow","max-snippet":"max-snippet:-1","max-image-preview":"max-image-preview:large","max-video-preview":"max-video-preview:-1"},"canonical":"https:\/\/paginaendesarrollo.com\/abogados\/accesibilidad\/","og_locale":"es_ES","og_type":"article","og_title":"Accesibilidad - Adalon Legal","og_description":"Accesibilidad Esta es una declaraci\u00f3n de accesibilidad de Adalon Legal. Estado de conformidad\u00a0Las Pautas de Accesibilidad para el Contenido Web (WCAG) definen los requisitos para que los dise\u00f1adores y desarrolladores mejoren la accesibilidad para las personas con discapacidades. Define tres niveles de conformidad: Nivel A, Nivel AA y Nivel AAA. Adalon Legal cumple parcialmente con WCAG 2.1 nivel AA. Parcialmente conforme significa que algunas partes del contenido no se ajustan completamente al est\u00e1ndar de accesibilidad. Comentario Agradecemos sus comentarios sobre la accesibilidad de Adalon Legal.\u00a0 H\u00e1ganos saber si encuentra barreras de accesibilidad en [Tu Empresa]. Correo electr\u00f3nico: info@adalonlegal.com Tratamos de responder a los comentarios dentro de 2 d\u00edas. Esta declaraci\u00f3n se cre\u00f3 el 13 de septiembre de 2024 utilizando la Herramienta generadora de declaraciones de accesibilidad del W3C.","og_url":"https:\/\/paginaendesarrollo.com\/abogados\/accesibilidad\/","og_site_name":"Adalon Legal","article_modified_time":"2024-10-08T16:19:51+00:00","twitter_card":"summary_large_image","twitter_misc":{"Tiempo de lectura":"1 minuto"},"schema":{"@context":"https:\/\/schema.org","@graph":[{"@type":"WebPage","@id":"https:\/\/paginaendesarrollo.com\/abogados\/accesibilidad\/","url":"https:\/\/paginaendesarrollo.com\/abogados\/accesibilidad\/","name":"Accesibilidad - Adalon Legal","isPartOf":{"@id":"https:\/\/paginaendesarrollo.com\/abogados\/#website"},"datePublished":"2024-09-06T15:32:47+00:00","dateModified":"2024-10-08T16:19:51+00:00","breadcrumb":{"@id":"https:\/\/paginaendesarrollo.com\/abogados\/accesibilidad\/#breadcrumb"},"inLanguage":"es","potentialAction":[{"@type":"ReadAction","target":["https:\/\/paginaendesarrollo.com\/abogados\/accesibilidad\/"]}]},{"@type":"BreadcrumbList","@id":"https:\/\/paginaendesarrollo.com\/abogados\/accesibilidad\/#breadcrumb","itemListElement":[{"@type":"ListItem","position":1,"name":"Portada","item":"https:\/\/paginaendesarrollo.com\/abogados\/"},{"@type":"ListItem","position":2,"name":"Accesibilidad"}]},{"@type":"WebSite","@id":"https:\/\/paginaendesarrollo.com\/abogados\/#website","url":"https:\/\/paginaendesarrollo.com\/abogados\/","name":"Adalon Legal","description":"","potentialAction":[{"@type":"SearchAction","target":{"@type":"EntryPoint","urlTemplate":"https:\/\/paginaendesarrollo.com\/abogados\/?s={search_term_string}"},"query-input":{"@type":"PropertyValueSpecification","valueRequired":true,"valueName":"search_term_string"}}],"inLanguage":"es"}]}},"_links":{"self":[{"href":"https:\/\/paginaendesarrollo.com\/abogados\/wp-json\/wp\/v2\/pages\/1013"}],"collection":[{"href":"https:\/\/paginaendesarrollo.com\/abogados\/wp-json\/wp\/v2\/pages"}],"about":[{"href":"https:\/\/paginaendesarrollo.com\/abogados\/wp-json\/wp\/v2\/types\/page"}],"author":[{"embeddable":true,"href":"https:\/\/paginaendesarrollo.com\/abogados\/wp-json\/wp\/v2\/users\/1"}],"replies":[{"embeddable":true,"href":"https:\/\/paginaendesarrollo.com\/abogados\/wp-json\/wp\/v2\/comments?post=1013"}],"version-history":[{"count":25,"href":"https:\/\/paginaendesarrollo.com\/abogados\/wp-json\/wp\/v2\/pages\/1013\/revisions"}],"predecessor-version":[{"id":1902,"href":"https:\/\/paginaendesarrollo.com\/abogados\/wp-json\/wp\/v2\/pages\/1013\/revisions\/1902"}],"wp:attachment":[{"href":"https:\/\/paginaendesarrollo.com\/abogados\/wp-json\/wp\/v2\/media?parent=1013"}],"curies":[{"name":"wp","href":"https:\/\/api.w.org\/{rel}","templated":true}]}}