{"id":1005,"date":"2024-09-06T15:28:50","date_gmt":"2024-09-06T15:28:50","guid":{"rendered":"https:\/\/paginaendesarrollo.com\/abogados\/?page_id=1005"},"modified":"2024-10-08T16:25:30","modified_gmt":"2024-10-08T16:25:30","slug":"politica-de-cookies","status":"publish","type":"page","link":"https:\/\/paginaendesarrollo.com\/abogados\/politica-de-cookies\/","title":{"rendered":"Pol\u00edtica de Cookies"},"content":{"rendered":"\t\t<div data-elementor-type=\"wp-page\" data-elementor-id=\"1005\" class=\"elementor elementor-1005\">\n\t\t\t\t\t\t<section class=\"elementor-section elementor-top-section elementor-element elementor-element-8a9190b elementor-section-height-min-height elementor-section-boxed elementor-section-height-default elementor-section-items-middle wpr-particle-no wpr-jarallax-no wpr-parallax-no wpr-sticky-section-no\" data-id=\"8a9190b\" data-element_type=\"section\" data-settings=\"{&quot;background_background&quot;:&quot;classic&quot;,&quot;shape_divider_bottom&quot;:&quot;tilt&quot;}\">\n\t\t\t\t\t\t\t<div class=\"elementor-background-overlay\"><\/div>\n\t\t\t\t\t\t<div class=\"elementor-shape elementor-shape-bottom\" data-negative=\"false\">\n\t\t\t<svg xmlns=\"http:\/\/www.w3.org\/2000\/svg\" viewBox=\"0 0 1000 100\" preserveAspectRatio=\"none\">\n\t<path class=\"elementor-shape-fill\" d=\"M0,6V0h1000v100L0,6z\"\/>\n<\/svg>\t\t<\/div>\n\t\t\t\t\t<div class=\"elementor-container elementor-column-gap-default\">\n\t\t\t\t\t<div class=\"elementor-column elementor-col-100 elementor-top-column elementor-element elementor-element-5af0188\" data-id=\"5af0188\" data-element_type=\"column\">\n\t\t\t<div class=\"elementor-widget-wrap elementor-element-populated\">\n\t\t\t\t\t\t<div class=\"elementor-element elementor-element-5644610 elementor-widget elementor-widget-heading\" data-id=\"5644610\" data-element_type=\"widget\" data-widget_type=\"heading.default\">\n\t\t\t\t<div class=\"elementor-widget-container\">\n\t\t\t<h2 class=\"elementor-heading-title elementor-size-default\">Pol\u00edtica de Cookies<\/h2>\t\t<\/div>\n\t\t\t\t<\/div>\n\t\t\t\t\t<\/div>\n\t\t<\/div>\n\t\t\t\t\t<\/div>\n\t\t<\/section>\n\t\t\t\t<section class=\"elementor-section elementor-top-section elementor-element elementor-element-6e92d4b elementor-section-boxed elementor-section-height-default elementor-section-height-default wpr-particle-no wpr-jarallax-no wpr-parallax-no wpr-sticky-section-no\" data-id=\"6e92d4b\" data-element_type=\"section\">\n\t\t\t\t\t\t<div class=\"elementor-container elementor-column-gap-default\">\n\t\t\t\t\t<div class=\"elementor-column elementor-col-100 elementor-top-column elementor-element elementor-element-548402b\" data-id=\"548402b\" data-element_type=\"column\">\n\t\t\t<div class=\"elementor-widget-wrap elementor-element-populated\">\n\t\t\t\t\t\t<div class=\"elementor-element elementor-element-0d85b26 elementor-widget elementor-widget-spacer\" data-id=\"0d85b26\" data-element_type=\"widget\" data-widget_type=\"spacer.default\">\n\t\t\t\t<div class=\"elementor-widget-container\">\n\t\t\t\t\t<div class=\"elementor-spacer\">\n\t\t\t<div class=\"elementor-spacer-inner\"><\/div>\n\t\t<\/div>\n\t\t\t\t<\/div>\n\t\t\t\t<\/div>\n\t\t\t\t<div class=\"elementor-element elementor-element-3a403ec politicas elementor-widget elementor-widget-text-editor\" data-id=\"3a403ec\" data-element_type=\"widget\" data-widget_type=\"text-editor.default\">\n\t\t\t\t<div class=\"elementor-widget-container\">\n\t\t\t\t\t\t\t<h3>1. \u00bfQu\u00e9 son las Cookies?<\/h3><p>Las cookies son peque\u00f1os archivos de texto que se almacenan en tu dispositivo cuando visitas nuestro sitio web. Estas cookies nos ayudan a mejorar tu experiencia de navegaci\u00f3n, recordar tus preferencias y analizar el uso de nuestro sitio.<\/p><p>\u00a0<\/p><h3>2. Tipos de Cookies que Utilizamos<\/h3><p>Utilizamos varios tipos de cookies en nuestro sitio web, que se pueden clasificar en las siguientes categor\u00edas:<\/p><p><strong>a. Cookies Esenciales:<\/strong>\u00a0Estas cookies son necesarias para que el sitio web funcione correctamente. Permiten la navegaci\u00f3n y el uso de sus caracter\u00edsticas esenciales, como el acceso a \u00e1reas seguras del sitio.<\/p><p><strong>b. Cookies de Rendimiento:<\/strong>\u00a0Estas cookies recopilan informaci\u00f3n sobre c\u00f3mo los usuarios utilizan nuestro sitio web, como las p\u00e1ginas que visitan con m\u00e1s frecuencia y si reciben mensajes de error. La informaci\u00f3n recopilada se utiliza para mejorar el funcionamiento del sitio.<\/p><p><strong>c. Cookies de Funcionalidad:<\/strong>\u00a0Estas cookies permiten que el sitio web recuerde las elecciones que haces (como tu nombre de usuario, idioma o la regi\u00f3n en la que te encuentras) y proporcionan funciones mejoradas y m\u00e1s personalizadas.<\/p><p><strong>d. Cookies de Publicidad:<\/strong>\u00a0Estas cookies se utilizan para mostrar anuncios que son relevantes para ti y tus intereses. Tambi\u00e9n se utilizan para limitar el n\u00famero de veces que ves un anuncio y para ayudar a medir la efectividad de las campa\u00f1as publicitarias.<\/p><p>\u00a0<\/p><h3>3. Cookies de Terceros<\/h3><p>En algunas secciones de nuestro sitio web, utilizamos cookies proporcionadas por terceros. Estos terceros pueden tener acceso a la informaci\u00f3n recopilada por sus cookies. Algunos ejemplos de estos terceros incluyen:<\/p><ul><li><strong>Google Analytics:<\/strong>\u00a0Utilizamos Google Analytics para recopilar informaci\u00f3n sobre c\u00f3mo los usuarios interact\u00faan con nuestro sitio web. Esto nos ayuda a analizar el tr\u00e1fico del sitio y mejorar su rendimiento.<\/li><\/ul><p>\u00a0<\/p><h3>4. Gesti\u00f3n de Cookies<\/h3><p>Puedes controlar y\/o eliminar las cookies como desees. A continuaci\u00f3n, te indicamos c\u00f3mo puedes hacerlo:<\/p><p><strong>a. A trav\u00e9s de la configuraci\u00f3n del navegador:<\/strong>\u00a0La mayor\u00eda de los navegadores web permiten controlar la mayor\u00eda de las cookies a trav\u00e9s de la configuraci\u00f3n del navegador. Para obtener m\u00e1s informaci\u00f3n sobre c\u00f3mo gestionar las cookies en tu navegador, consulta las siguientes gu\u00edas:<\/p><ul><li><a target=\"_new\" rel=\"noreferrer\">Google Chrome<\/a><\/li><li><a href=\"https:\/\/support.mozilla.org\/es\/kb\/cookies-informacion-que-los-sitios-web-guardan-en-\" target=\"_new\" rel=\"noreferrer\">Mozilla Firefox<\/a><\/li><li><a href=\"https:\/\/support.apple.com\/es-es\/guide\/safari\/sfri11471\/mac\" target=\"_new\" rel=\"noreferrer\">Safari<\/a><\/li><li><a href=\"https:\/\/support.microsoft.com\/es-es\/help\/17442\/windows-internet-explorer-delete-manage-cookies\" target=\"_new\" rel=\"noreferrer\">Internet Explorer<\/a><\/li><li><a href=\"https:\/\/support.microsoft.com\/es-es\/microsoft-edge\/eliminar-las-cookies-en-microsoft-edge-63947406-0406-4b1e-8af2-4cc3015d6b2c\" target=\"_new\" rel=\"noreferrer\">Microsoft Edge<\/a><\/li><\/ul><p><strong>b. A trav\u00e9s de herramientas de terceros:<\/strong>\u00a0Existen herramientas y extensiones de navegador que te permiten gestionar tus preferencias de cookies de manera m\u00e1s detallada.<\/p><p><strong>c. Rechazo de cookies de publicidad:<\/strong>\u00a0Puedes visitar\u00a0<a href=\"https:\/\/www.youronlinechoices.com\/\" target=\"_new\" rel=\"noreferrer\">Your Online Choices<\/a>\u00a0para obtener m\u00e1s informaci\u00f3n sobre las cookies de publicidad y c\u00f3mo gestionarlas.<\/p><p>\u00a0<\/p><h3>5. Cambios en la Pol\u00edtica de Cookies<\/h3><p>Podemos actualizar esta Pol\u00edtica de Cookies de vez en cuando. Te notificaremos sobre cualquier cambio publicando la nueva Pol\u00edtica de Cookies en nuestro sitio web. Te recomendamos revisar esta p\u00e1gina peri\u00f3dicamente para estar informado sobre c\u00f3mo utilizamos las cookies.<\/p><p>\u00a0<\/p><h3>6. Contacto<\/h3><p>Si tienes alguna pregunta o inquietud sobre nuestra Pol\u00edtica de Cookies, por favor cont\u00e1ctanos a:<\/p><p>Adalon Legal.<br \/>Calle Alcalde Sainz de Baranda 33, 28009 Madrid (Espa\u00f1a).<br \/>info@adalonlegal.com<br \/>(+34) 646 642 505<\/p>\t\t\t\t\t\t<\/div>\n\t\t\t\t<\/div>\n\t\t\t\t\t<\/div>\n\t\t<\/div>\n\t\t\t\t\t<\/div>\n\t\t<\/section>\n\t\t\t\t<section class=\"elementor-section elementor-top-section elementor-element elementor-element-5ac784a elementor-section-boxed elementor-section-height-default elementor-section-height-default wpr-particle-no wpr-jarallax-no wpr-parallax-no wpr-sticky-section-no\" data-id=\"5ac784a\" data-element_type=\"section\">\n\t\t\t\t\t\t<div class=\"elementor-container elementor-column-gap-default\">\n\t\t\t\t\t<div class=\"elementor-column elementor-col-100 elementor-top-column elementor-element elementor-element-ee0dc50\" data-id=\"ee0dc50\" data-element_type=\"column\">\n\t\t\t<div class=\"elementor-widget-wrap elementor-element-populated\">\n\t\t\t\t\t\t<div class=\"elementor-element elementor-element-14ce554 elementor-widget elementor-widget-spacer\" data-id=\"14ce554\" data-element_type=\"widget\" data-widget_type=\"spacer.default\">\n\t\t\t\t<div class=\"elementor-widget-container\">\n\t\t\t\t\t<div class=\"elementor-spacer\">\n\t\t\t<div class=\"elementor-spacer-inner\"><\/div>\n\t\t<\/div>\n\t\t\t\t<\/div>\n\t\t\t\t<\/div>\n\t\t\t\t\t<\/div>\n\t\t<\/div>\n\t\t\t\t\t<\/div>\n\t\t<\/section>\n\t\t\t\t<\/div>\n\t\t","protected":false},"excerpt":{"rendered":"<p>Pol\u00edtica de Cookies 1. \u00bfQu\u00e9 son las Cookies? Las cookies son peque\u00f1os archivos de texto que se almacenan en tu dispositivo cuando visitas nuestro sitio web. Estas cookies nos ayudan a mejorar tu experiencia de navegaci\u00f3n, recordar tus preferencias y analizar el uso de nuestro sitio. \u00a0 2. Tipos de Cookies que Utilizamos Utilizamos varios tipos de cookies en nuestro sitio web, que se pueden clasificar en las siguientes categor\u00edas: a. Cookies Esenciales:\u00a0Estas cookies son necesarias para que el sitio web funcione correctamente. Permiten la navegaci\u00f3n y el uso de sus caracter\u00edsticas esenciales, como el acceso a \u00e1reas seguras del sitio. b. Cookies de Rendimiento:\u00a0Estas cookies recopilan informaci\u00f3n sobre c\u00f3mo los usuarios utilizan nuestro sitio web, como las p\u00e1ginas que visitan con m\u00e1s frecuencia y si reciben mensajes de error. La informaci\u00f3n recopilada se utiliza para mejorar el funcionamiento del sitio. c. Cookies de Funcionalidad:\u00a0Estas cookies permiten que el sitio web recuerde las elecciones que haces (como tu nombre de usuario, idioma o la regi\u00f3n en la que te encuentras) y proporcionan funciones mejoradas y m\u00e1s personalizadas. d. Cookies de Publicidad:\u00a0Estas cookies se utilizan para mostrar anuncios que son relevantes para ti y tus intereses. Tambi\u00e9n se utilizan para limitar el n\u00famero de veces que ves un anuncio y para ayudar a medir la efectividad de las campa\u00f1as publicitarias. \u00a0 3. Cookies de Terceros En algunas secciones de nuestro sitio web, utilizamos cookies proporcionadas por terceros. Estos terceros pueden tener acceso a la informaci\u00f3n recopilada por sus cookies. Algunos ejemplos de estos terceros incluyen: Google Analytics:\u00a0Utilizamos Google Analytics para recopilar informaci\u00f3n sobre c\u00f3mo los usuarios interact\u00faan con nuestro sitio web. Esto nos ayuda a analizar el tr\u00e1fico del sitio y mejorar su rendimiento. \u00a0 4. Gesti\u00f3n de Cookies Puedes controlar y\/o eliminar las cookies como desees. A continuaci\u00f3n, te indicamos c\u00f3mo puedes hacerlo: a. A trav\u00e9s de la configuraci\u00f3n del navegador:\u00a0La mayor\u00eda de los navegadores web permiten controlar la mayor\u00eda de las cookies a trav\u00e9s de la configuraci\u00f3n del navegador. Para obtener m\u00e1s informaci\u00f3n sobre c\u00f3mo gestionar las cookies en tu navegador, consulta las siguientes gu\u00edas: Google Chrome Mozilla Firefox Safari Internet Explorer Microsoft Edge b. A trav\u00e9s de herramientas de terceros:\u00a0Existen herramientas y extensiones de navegador que te permiten gestionar tus preferencias de cookies de manera m\u00e1s detallada. c. Rechazo de cookies de publicidad:\u00a0Puedes visitar\u00a0Your Online Choices\u00a0para obtener m\u00e1s informaci\u00f3n sobre las cookies de publicidad y c\u00f3mo gestionarlas. \u00a0 5. Cambios en la Pol\u00edtica de Cookies Podemos actualizar esta Pol\u00edtica de Cookies de vez en cuando. Te notificaremos sobre cualquier cambio publicando la nueva Pol\u00edtica de Cookies en nuestro sitio web. Te recomendamos revisar esta p\u00e1gina peri\u00f3dicamente para estar informado sobre c\u00f3mo utilizamos las cookies. \u00a0 6. Contacto Si tienes alguna pregunta o inquietud sobre nuestra Pol\u00edtica de Cookies, por favor cont\u00e1ctanos a: Adalon Legal.Calle Alcalde Sainz de Baranda 33, 28009 Madrid (Espa\u00f1a).info@adalonlegal.com(+34) 646 642 505<\/p>\n","protected":false},"author":1,"featured_media":0,"parent":0,"menu_order":0,"comment_status":"closed","ping_status":"closed","template":"","meta":{"footnotes":""},"class_list":["post-1005","page","type-page","status-publish","hentry"],"yoast_head":"<!-- This site is optimized with the Yoast SEO plugin v23.4 - https:\/\/yoast.com\/wordpress\/plugins\/seo\/ -->\n<title>Pol\u00edtica de Cookies - Adalon Legal<\/title>\n<meta name=\"robots\" content=\"index, follow, max-snippet:-1, max-image-preview:large, max-video-preview:-1\" \/>\n<link rel=\"canonical\" href=\"https:\/\/paginaendesarrollo.com\/abogados\/politica-de-cookies\/\" \/>\n<meta property=\"og:locale\" content=\"es_ES\" \/>\n<meta property=\"og:type\" content=\"article\" \/>\n<meta property=\"og:title\" content=\"Pol\u00edtica de Cookies - Adalon Legal\" \/>\n<meta property=\"og:description\" content=\"Pol\u00edtica de Cookies 1. \u00bfQu\u00e9 son las Cookies? Las cookies son peque\u00f1os archivos de texto que se almacenan en tu dispositivo cuando visitas nuestro sitio web. Estas cookies nos ayudan a mejorar tu experiencia de navegaci\u00f3n, recordar tus preferencias y analizar el uso de nuestro sitio. \u00a0 2. Tipos de Cookies que Utilizamos Utilizamos varios tipos de cookies en nuestro sitio web, que se pueden clasificar en las siguientes categor\u00edas: a. Cookies Esenciales:\u00a0Estas cookies son necesarias para que el sitio web funcione correctamente. Permiten la navegaci\u00f3n y el uso de sus caracter\u00edsticas esenciales, como el acceso a \u00e1reas seguras del sitio. b. Cookies de Rendimiento:\u00a0Estas cookies recopilan informaci\u00f3n sobre c\u00f3mo los usuarios utilizan nuestro sitio web, como las p\u00e1ginas que visitan con m\u00e1s frecuencia y si reciben mensajes de error. La informaci\u00f3n recopilada se utiliza para mejorar el funcionamiento del sitio. c. Cookies de Funcionalidad:\u00a0Estas cookies permiten que el sitio web recuerde las elecciones que haces (como tu nombre de usuario, idioma o la regi\u00f3n en la que te encuentras) y proporcionan funciones mejoradas y m\u00e1s personalizadas. d. Cookies de Publicidad:\u00a0Estas cookies se utilizan para mostrar anuncios que son relevantes para ti y tus intereses. Tambi\u00e9n se utilizan para limitar el n\u00famero de veces que ves un anuncio y para ayudar a medir la efectividad de las campa\u00f1as publicitarias. \u00a0 3. Cookies de Terceros En algunas secciones de nuestro sitio web, utilizamos cookies proporcionadas por terceros. Estos terceros pueden tener acceso a la informaci\u00f3n recopilada por sus cookies. Algunos ejemplos de estos terceros incluyen: Google Analytics:\u00a0Utilizamos Google Analytics para recopilar informaci\u00f3n sobre c\u00f3mo los usuarios interact\u00faan con nuestro sitio web. Esto nos ayuda a analizar el tr\u00e1fico del sitio y mejorar su rendimiento. \u00a0 4. Gesti\u00f3n de Cookies Puedes controlar y\/o eliminar las cookies como desees. A continuaci\u00f3n, te indicamos c\u00f3mo puedes hacerlo: a. A trav\u00e9s de la configuraci\u00f3n del navegador:\u00a0La mayor\u00eda de los navegadores web permiten controlar la mayor\u00eda de las cookies a trav\u00e9s de la configuraci\u00f3n del navegador. Para obtener m\u00e1s informaci\u00f3n sobre c\u00f3mo gestionar las cookies en tu navegador, consulta las siguientes gu\u00edas: Google Chrome Mozilla Firefox Safari Internet Explorer Microsoft Edge b. A trav\u00e9s de herramientas de terceros:\u00a0Existen herramientas y extensiones de navegador que te permiten gestionar tus preferencias de cookies de manera m\u00e1s detallada. c. Rechazo de cookies de publicidad:\u00a0Puedes visitar\u00a0Your Online Choices\u00a0para obtener m\u00e1s informaci\u00f3n sobre las cookies de publicidad y c\u00f3mo gestionarlas. \u00a0 5. Cambios en la Pol\u00edtica de Cookies Podemos actualizar esta Pol\u00edtica de Cookies de vez en cuando. Te notificaremos sobre cualquier cambio publicando la nueva Pol\u00edtica de Cookies en nuestro sitio web. Te recomendamos revisar esta p\u00e1gina peri\u00f3dicamente para estar informado sobre c\u00f3mo utilizamos las cookies. \u00a0 6. Contacto Si tienes alguna pregunta o inquietud sobre nuestra Pol\u00edtica de Cookies, por favor cont\u00e1ctanos a: Adalon Legal.Calle Alcalde Sainz de Baranda 33, 28009 Madrid (Espa\u00f1a).info@adalonlegal.com(+34) 646 642 505\" \/>\n<meta property=\"og:url\" content=\"https:\/\/paginaendesarrollo.com\/abogados\/politica-de-cookies\/\" \/>\n<meta property=\"og:site_name\" content=\"Adalon Legal\" \/>\n<meta property=\"article:modified_time\" content=\"2024-10-08T16:25:30+00:00\" \/>\n<meta name=\"twitter:card\" content=\"summary_large_image\" \/>\n<meta name=\"twitter:label1\" content=\"Tiempo de lectura\" \/>\n\t<meta name=\"twitter:data1\" content=\"3 minutos\" \/>\n<script type=\"application\/ld+json\" class=\"yoast-schema-graph\">{\"@context\":\"https:\/\/schema.org\",\"@graph\":[{\"@type\":\"WebPage\",\"@id\":\"https:\/\/paginaendesarrollo.com\/abogados\/politica-de-cookies\/\",\"url\":\"https:\/\/paginaendesarrollo.com\/abogados\/politica-de-cookies\/\",\"name\":\"Pol\u00edtica de Cookies - Adalon Legal\",\"isPartOf\":{\"@id\":\"https:\/\/paginaendesarrollo.com\/abogados\/#website\"},\"datePublished\":\"2024-09-06T15:28:50+00:00\",\"dateModified\":\"2024-10-08T16:25:30+00:00\",\"breadcrumb\":{\"@id\":\"https:\/\/paginaendesarrollo.com\/abogados\/politica-de-cookies\/#breadcrumb\"},\"inLanguage\":\"es\",\"potentialAction\":[{\"@type\":\"ReadAction\",\"target\":[\"https:\/\/paginaendesarrollo.com\/abogados\/politica-de-cookies\/\"]}]},{\"@type\":\"BreadcrumbList\",\"@id\":\"https:\/\/paginaendesarrollo.com\/abogados\/politica-de-cookies\/#breadcrumb\",\"itemListElement\":[{\"@type\":\"ListItem\",\"position\":1,\"name\":\"Portada\",\"item\":\"https:\/\/paginaendesarrollo.com\/abogados\/\"},{\"@type\":\"ListItem\",\"position\":2,\"name\":\"Pol\u00edtica de Cookies\"}]},{\"@type\":\"WebSite\",\"@id\":\"https:\/\/paginaendesarrollo.com\/abogados\/#website\",\"url\":\"https:\/\/paginaendesarrollo.com\/abogados\/\",\"name\":\"Adalon Legal\",\"description\":\"\",\"potentialAction\":[{\"@type\":\"SearchAction\",\"target\":{\"@type\":\"EntryPoint\",\"urlTemplate\":\"https:\/\/paginaendesarrollo.com\/abogados\/?s={search_term_string}\"},\"query-input\":{\"@type\":\"PropertyValueSpecification\",\"valueRequired\":true,\"valueName\":\"search_term_string\"}}],\"inLanguage\":\"es\"}]}<\/script>\n<!-- \/ Yoast SEO plugin. -->","yoast_head_json":{"title":"Pol\u00edtica de Cookies - Adalon Legal","robots":{"index":"index","follow":"follow","max-snippet":"max-snippet:-1","max-image-preview":"max-image-preview:large","max-video-preview":"max-video-preview:-1"},"canonical":"https:\/\/paginaendesarrollo.com\/abogados\/politica-de-cookies\/","og_locale":"es_ES","og_type":"article","og_title":"Pol\u00edtica de Cookies - Adalon Legal","og_description":"Pol\u00edtica de Cookies 1. \u00bfQu\u00e9 son las Cookies? Las cookies son peque\u00f1os archivos de texto que se almacenan en tu dispositivo cuando visitas nuestro sitio web. Estas cookies nos ayudan a mejorar tu experiencia de navegaci\u00f3n, recordar tus preferencias y analizar el uso de nuestro sitio. \u00a0 2. Tipos de Cookies que Utilizamos Utilizamos varios tipos de cookies en nuestro sitio web, que se pueden clasificar en las siguientes categor\u00edas: a. Cookies Esenciales:\u00a0Estas cookies son necesarias para que el sitio web funcione correctamente. Permiten la navegaci\u00f3n y el uso de sus caracter\u00edsticas esenciales, como el acceso a \u00e1reas seguras del sitio. b. Cookies de Rendimiento:\u00a0Estas cookies recopilan informaci\u00f3n sobre c\u00f3mo los usuarios utilizan nuestro sitio web, como las p\u00e1ginas que visitan con m\u00e1s frecuencia y si reciben mensajes de error. La informaci\u00f3n recopilada se utiliza para mejorar el funcionamiento del sitio. c. Cookies de Funcionalidad:\u00a0Estas cookies permiten que el sitio web recuerde las elecciones que haces (como tu nombre de usuario, idioma o la regi\u00f3n en la que te encuentras) y proporcionan funciones mejoradas y m\u00e1s personalizadas. d. Cookies de Publicidad:\u00a0Estas cookies se utilizan para mostrar anuncios que son relevantes para ti y tus intereses. Tambi\u00e9n se utilizan para limitar el n\u00famero de veces que ves un anuncio y para ayudar a medir la efectividad de las campa\u00f1as publicitarias. \u00a0 3. Cookies de Terceros En algunas secciones de nuestro sitio web, utilizamos cookies proporcionadas por terceros. Estos terceros pueden tener acceso a la informaci\u00f3n recopilada por sus cookies. Algunos ejemplos de estos terceros incluyen: Google Analytics:\u00a0Utilizamos Google Analytics para recopilar informaci\u00f3n sobre c\u00f3mo los usuarios interact\u00faan con nuestro sitio web. Esto nos ayuda a analizar el tr\u00e1fico del sitio y mejorar su rendimiento. \u00a0 4. Gesti\u00f3n de Cookies Puedes controlar y\/o eliminar las cookies como desees. A continuaci\u00f3n, te indicamos c\u00f3mo puedes hacerlo: a. A trav\u00e9s de la configuraci\u00f3n del navegador:\u00a0La mayor\u00eda de los navegadores web permiten controlar la mayor\u00eda de las cookies a trav\u00e9s de la configuraci\u00f3n del navegador. Para obtener m\u00e1s informaci\u00f3n sobre c\u00f3mo gestionar las cookies en tu navegador, consulta las siguientes gu\u00edas: Google Chrome Mozilla Firefox Safari Internet Explorer Microsoft Edge b. A trav\u00e9s de herramientas de terceros:\u00a0Existen herramientas y extensiones de navegador que te permiten gestionar tus preferencias de cookies de manera m\u00e1s detallada. c. Rechazo de cookies de publicidad:\u00a0Puedes visitar\u00a0Your Online Choices\u00a0para obtener m\u00e1s informaci\u00f3n sobre las cookies de publicidad y c\u00f3mo gestionarlas. \u00a0 5. Cambios en la Pol\u00edtica de Cookies Podemos actualizar esta Pol\u00edtica de Cookies de vez en cuando. Te notificaremos sobre cualquier cambio publicando la nueva Pol\u00edtica de Cookies en nuestro sitio web. Te recomendamos revisar esta p\u00e1gina peri\u00f3dicamente para estar informado sobre c\u00f3mo utilizamos las cookies. \u00a0 6. Contacto Si tienes alguna pregunta o inquietud sobre nuestra Pol\u00edtica de Cookies, por favor cont\u00e1ctanos a: Adalon Legal.Calle Alcalde Sainz de Baranda 33, 28009 Madrid (Espa\u00f1a).info@adalonlegal.com(+34) 646 642 505","og_url":"https:\/\/paginaendesarrollo.com\/abogados\/politica-de-cookies\/","og_site_name":"Adalon Legal","article_modified_time":"2024-10-08T16:25:30+00:00","twitter_card":"summary_large_image","twitter_misc":{"Tiempo de lectura":"3 minutos"},"schema":{"@context":"https:\/\/schema.org","@graph":[{"@type":"WebPage","@id":"https:\/\/paginaendesarrollo.com\/abogados\/politica-de-cookies\/","url":"https:\/\/paginaendesarrollo.com\/abogados\/politica-de-cookies\/","name":"Pol\u00edtica de Cookies - Adalon Legal","isPartOf":{"@id":"https:\/\/paginaendesarrollo.com\/abogados\/#website"},"datePublished":"2024-09-06T15:28:50+00:00","dateModified":"2024-10-08T16:25:30+00:00","breadcrumb":{"@id":"https:\/\/paginaendesarrollo.com\/abogados\/politica-de-cookies\/#breadcrumb"},"inLanguage":"es","potentialAction":[{"@type":"ReadAction","target":["https:\/\/paginaendesarrollo.com\/abogados\/politica-de-cookies\/"]}]},{"@type":"BreadcrumbList","@id":"https:\/\/paginaendesarrollo.com\/abogados\/politica-de-cookies\/#breadcrumb","itemListElement":[{"@type":"ListItem","position":1,"name":"Portada","item":"https:\/\/paginaendesarrollo.com\/abogados\/"},{"@type":"ListItem","position":2,"name":"Pol\u00edtica de Cookies"}]},{"@type":"WebSite","@id":"https:\/\/paginaendesarrollo.com\/abogados\/#website","url":"https:\/\/paginaendesarrollo.com\/abogados\/","name":"Adalon Legal","description":"","potentialAction":[{"@type":"SearchAction","target":{"@type":"EntryPoint","urlTemplate":"https:\/\/paginaendesarrollo.com\/abogados\/?s={search_term_string}"},"query-input":{"@type":"PropertyValueSpecification","valueRequired":true,"valueName":"search_term_string"}}],"inLanguage":"es"}]}},"_links":{"self":[{"href":"https:\/\/paginaendesarrollo.com\/abogados\/wp-json\/wp\/v2\/pages\/1005"}],"collection":[{"href":"https:\/\/paginaendesarrollo.com\/abogados\/wp-json\/wp\/v2\/pages"}],"about":[{"href":"https:\/\/paginaendesarrollo.com\/abogados\/wp-json\/wp\/v2\/types\/page"}],"author":[{"embeddable":true,"href":"https:\/\/paginaendesarrollo.com\/abogados\/wp-json\/wp\/v2\/users\/1"}],"replies":[{"embeddable":true,"href":"https:\/\/paginaendesarrollo.com\/abogados\/wp-json\/wp\/v2\/comments?post=1005"}],"version-history":[{"count":16,"href":"https:\/\/paginaendesarrollo.com\/abogados\/wp-json\/wp\/v2\/pages\/1005\/revisions"}],"predecessor-version":[{"id":1914,"href":"https:\/\/paginaendesarrollo.com\/abogados\/wp-json\/wp\/v2\/pages\/1005\/revisions\/1914"}],"wp:attachment":[{"href":"https:\/\/paginaendesarrollo.com\/abogados\/wp-json\/wp\/v2\/media?parent=1005"}],"curies":[{"name":"wp","href":"https:\/\/api.w.org\/{rel}","templated":true}]}}